{"id":28135,"date":"2026-02-09T16:12:05","date_gmt":"2026-02-09T16:12:05","guid":{"rendered":"https:\/\/inoener.pt\/?page_id=28135"},"modified":"2026-02-09T16:24:35","modified_gmt":"2026-02-09T16:24:35","slug":"form-agro","status":"publish","type":"page","link":"https:\/\/inoener.pt\/pt\/form-agro\/","title":{"rendered":"Apoio \u00e0 Agricultura"},"content":{"rendered":"<div data-elementor-type=\"wp-page\" data-elementor-id=\"28135\" class=\"elementor elementor-28135\">\n\t\t\t\t\t\t<section class=\"elementor-section elementor-top-section elementor-element elementor-element-53b4ea1 elementor-section-boxed elementor-section-height-default elementor-section-height-default jltma-glass-effect-no sc_fly_static\" data-id=\"53b4ea1\" data-element_type=\"section\" data-e-type=\"section\">\n\t\t\t\t\t\t<div class=\"elementor-container elementor-column-gap-extended\">\n\t\t\t\t\t<div class=\"elementor-column elementor-col-100 elementor-top-column elementor-element elementor-element-949624c sc_content_align_inherit sc_layouts_column_icons_position_left jltma-glass-effect-no sc_fly_static\" data-id=\"949624c\" data-element_type=\"column\" data-e-type=\"column\">\n\t\t\t<div class=\"elementor-widget-wrap elementor-element-populated\">\n\t\t\t\t\t\t<div class=\"elementor-element elementor-element-4f8321c jltma-glass-effect-no sc_fly_static elementor-widget elementor-widget-heading\" data-id=\"4f8321c\" data-element_type=\"widget\" data-e-type=\"widget\" data-widget_type=\"heading.default\">\n\t\t\t\t<div class=\"elementor-widget-container\">\n\t\t\t\t\t<h4 class=\"elementor-heading-title elementor-size-default\">Com \ud835\udfed\ud835\udff1 \ud835\uddfa\ud835\uddf6\ud835\uddf9\ud835\uddf5\ud835\uddfc\u0303\ud835\uddf2\ud835\ude00 \ud835\uddf1\ud835\uddf2 \ud835\uddf2\ud835\ude02\ud835\uddff\ud835\uddfc\ud835\ude00 destinados \u00e0 \ud835\uddf2\ud835\uddf3\ud835\uddf6\ud835\uddf0\ud835\uddf6\ud835\uddf2\u0302\ud835\uddfb\ud835\uddf0\ud835\uddf6\ud835\uddee \ud835\uddf2\ud835\uddfb\ud835\uddf2\ud835\uddff\ud835\uddf4\ud835\uddf2\u0301\ud835\ude01\ud835\uddf6\ud835\uddf0\ud835\uddee \ud835\uddf2 \ud835\uddf2\ud835\uddfb\ud835\uddf2\ud835\uddff\ud835\uddf4\ud835\uddf6\ud835\uddee\ud835\ude00 \ud835\uddff\ud835\uddf2\ud835\uddfb\ud835\uddfc\ud835\ude03\ud835\uddee\u0301\ud835\ude03\ud835\uddf2\ud835\uddf6\ud835\ude00 \ud835\uddfb\ud835\uddee \ud835\uddee\ud835\uddf4\ud835\uddff\ud835\uddf6\ud835\uddf0\ud835\ude02\ud835\uddf9\ud835\ude01\ud835\ude02\ud835\uddff\ud835\uddee.<\/h4>\t\t\t\t<\/div>\n\t\t\t\t<\/div>\n\t\t\t\t\t<\/div>\n\t\t<\/div>\n\t\t\t\t\t<\/div>\n\t\t<\/section>\n\t\t\t\t<section class=\"elementor-section elementor-top-section elementor-element elementor-element-9bc094f elementor-section-boxed elementor-section-height-default elementor-section-height-default jltma-glass-effect-no sc_fly_static\" data-id=\"9bc094f\" data-element_type=\"section\" data-e-type=\"section\">\n\t\t\t\t\t\t<div class=\"elementor-container elementor-column-gap-extended\">\n\t\t\t\t\t<div class=\"elementor-column elementor-col-100 elementor-top-column elementor-element elementor-element-25b67be sc_content_align_inherit sc_layouts_column_icons_position_left jltma-glass-effect-no sc_fly_static\" data-id=\"25b67be\" data-element_type=\"column\" data-e-type=\"column\">\n\t\t\t<div class=\"elementor-widget-wrap elementor-element-populated\">\n\t\t\t\t\t\t<section class=\"elementor-section elementor-inner-section elementor-element elementor-element-e7eb51b elementor-section-boxed elementor-section-height-default elementor-section-height-default jltma-glass-effect-no sc_fly_static\" data-id=\"e7eb51b\" data-element_type=\"section\" data-e-type=\"section\">\n\t\t\t\t\t\t<div class=\"elementor-container elementor-column-gap-extended\">\n\t\t\t\t\t<div class=\"elementor-column elementor-col-33 elementor-inner-column elementor-element elementor-element-c48d384 sc_content_align_inherit sc_layouts_column_icons_position_left jltma-glass-effect-no sc_fly_static\" data-id=\"c48d384\" data-element_type=\"column\" data-e-type=\"column\">\n\t\t\t<div class=\"elementor-widget-wrap elementor-element-populated\">\n\t\t\t\t\t\t<div class=\"elementor-element elementor-element-df95077 elementor-widget__width-initial jltma-glass-effect-no sc_fly_static elementor-widget elementor-widget-text-editor\" data-id=\"df95077\" data-element_type=\"widget\" data-e-type=\"widget\" data-widget_type=\"text-editor.default\">\n\t\t\t\t<div class=\"elementor-widget-container\">\n\t\t\t\t\t\t\t\t\t<p style=\"text-align: justify;\">Os apoios p\u00fablicos ir\u00e3o permitir investir em:<br \/>\u00a0&#8211; Sistemas fotovoltaicos para autoconsumo<br \/>\u00a0&#8211; Baterias de armazenamento para otimiza\u00e7\u00e3o do consumo energ\u00e9tico<br \/>\u00a0&#8211; Moderniza\u00e7\u00e3o de equipamentos e sistemas de rega eficientes<\/p>\t\t\t\t\t\t\t\t<\/div>\n\t\t\t\t<\/div>\n\t\t\t\t\t<\/div>\n\t\t<\/div>\n\t\t\t\t<div class=\"elementor-column elementor-col-33 elementor-inner-column elementor-element elementor-element-147582b sc_content_align_inherit sc_layouts_column_icons_position_left jltma-glass-effect-no sc_fly_static\" data-id=\"147582b\" data-element_type=\"column\" data-e-type=\"column\">\n\t\t\t<div class=\"elementor-widget-wrap elementor-element-populated\">\n\t\t\t\t\t\t<div class=\"elementor-element elementor-element-c59eef7 elementor-widget__width-initial jltma-glass-effect-no sc_fly_static elementor-widget elementor-widget-text-editor\" data-id=\"c59eef7\" data-element_type=\"widget\" data-e-type=\"widget\" data-widget_type=\"text-editor.default\">\n\t\t\t\t<div class=\"elementor-widget-container\">\n\t\t\t\t\t\t\t\t\t<ul><li><strong>Benefici\u00e1rios<br \/><\/strong>Micro, Pequenas e M\u00e9dias Empresas e Grandes Empresas.<\/li><li><strong>\u00c2mbito Regional<br \/><\/strong>Norte, Centro, Alentejo e Algarve<\/li><\/ul>\t\t\t\t\t\t\t\t<\/div>\n\t\t\t\t<\/div>\n\t\t\t\t\t<\/div>\n\t\t<\/div>\n\t\t\t\t<div class=\"elementor-column elementor-col-33 elementor-inner-column elementor-element elementor-element-31c30ee sc_content_align_inherit sc_layouts_column_icons_position_left jltma-glass-effect-no sc_fly_static\" data-id=\"31c30ee\" data-element_type=\"column\" data-e-type=\"column\">\n\t\t\t<div class=\"elementor-widget-wrap elementor-element-populated\">\n\t\t\t\t\t\t<div class=\"elementor-element elementor-element-937f601 elementor-widget__width-initial jltma-glass-effect-no sc_fly_static elementor-widget elementor-widget-text-editor\" data-id=\"937f601\" data-element_type=\"widget\" data-e-type=\"widget\" data-widget_type=\"text-editor.default\">\n\t\t\t\t<div class=\"elementor-widget-container\">\n\t\t\t\t\t\t\t\t\t<ul><li><strong>Taxa de Apoio<br \/><\/strong>At\u00e9 100% a Fundo Perdido<\/li><li><strong>Dota\u00e7\u00e3o Global<\/strong><br \/>15.000.000 \u20ac<\/li><\/ul>\t\t\t\t\t\t\t\t<\/div>\n\t\t\t\t<\/div>\n\t\t\t\t\t<\/div>\n\t\t<\/div>\n\t\t\t\t\t<\/div>\n\t\t<\/section>\n\t\t\t\t<div class=\"elementor-element elementor-element-94f82e7 jltma-glass-effect-no sc_fly_static elementor-widget elementor-widget-hubspot-form\" data-id=\"94f82e7\" data-element_type=\"widget\" data-e-type=\"widget\" data-widget_type=\"hubspot-form.default\">\n\t\t\t\t<div class=\"elementor-widget-container\">\n\t\t\t\t\t\n\t\t\t\t\t\t<script>\n\t\t\t\t\t\t\twindow.hsFormsOnReady = window.hsFormsOnReady || [];\n\t\t\t\t\t\t\twindow.hsFormsOnReady.push(()=>{\n\t\t\t\t\t\t\t\thbspt.forms.create({\n\t\t\t\t\t\t\t\t\tportalId: 47847017,\n\t\t\t\t\t\t\t\t\tformId: \"4ca9a986-e384-4895-b285-e3890b58e21c\",\n\t\t\t\t\t\t\t\t\ttarget: \"#hbspt-form-1776322719000-1880929332\",\n\t\t\t\t\t\t\t\t\tregion: \"na1\",\n\t\t\t\t\t\t\t\t\t\n\t\t\t\t\t\t\t})});\n\t\t\t\t\t\t<\/script>\n\t\t\t\t\t\t<div class=\"hbspt-form\" id=\"hbspt-form-1776322719000-1880929332\"><\/div>\t\t\t\t<\/div>\n\t\t\t\t<\/div>\n\t\t\t\t\t<\/div>\n\t\t<\/div>\n\t\t\t\t\t<\/div>\n\t\t<\/section>\n\t\t\t\t<\/div>","protected":false},"excerpt":{"rendered":"<p>Com \ud835\udfed\ud835\udff1 \ud835\uddfa\ud835\uddf6\ud835\uddf9\ud835\uddf5\ud835\uddfc\u0303\ud835\uddf2\ud835\ude00 \ud835\uddf1\ud835\uddf2 \ud835\uddf2\ud835\ude02\ud835\uddff\ud835\uddfc\ud835\ude00 destinados \u00e0 \ud835\uddf2\ud835\uddf3\ud835\uddf6\ud835\uddf0\ud835\uddf6\ud835\uddf2\u0302\ud835\uddfb\ud835\uddf0\ud835\uddf6\ud835\uddee \ud835\uddf2\ud835\uddfb\ud835\uddf2\ud835\uddff\ud835\uddf4\ud835\uddf2\u0301\ud835\ude01\ud835\uddf6\ud835\uddf0\ud835\uddee \ud835\uddf2 \ud835\uddf2\ud835\uddfb\ud835\uddf2\ud835\uddff\ud835\uddf4\ud835\uddf6\ud835\uddee\ud835\ude00 \ud835\uddff\ud835\uddf2\ud835\uddfb\ud835\uddfc\ud835\ude03\ud835\uddee\u0301\ud835\ude03\ud835\uddf2\ud835\uddf6\ud835\ude00 \ud835\uddfb\ud835\uddee \ud835\uddee\ud835\uddf4\ud835\uddff\ud835\uddf6\ud835\uddf0\ud835\ude02\ud835\uddf9\ud835\ude01\ud835\ude02\ud835\uddff\ud835\uddee. Os apoios p\u00fablicos ir\u00e3o permitir investir em:\u00a0&#8211; Sistemas fotovoltaicos para autoconsumo\u00a0&#8211; Baterias de armazenamento para otimiza\u00e7\u00e3o&hellip;<\/p>","protected":false},"author":1,"featured_media":0,"parent":0,"menu_order":0,"comment_status":"closed","ping_status":"closed","template":"","meta":{"content-type":"","footnotes":""},"class_list":["post-28135","page","type-page","status-publish","hentry"],"aioseo_notices":[],"_links":{"self":[{"href":"https:\/\/inoener.pt\/pt\/wp-json\/wp\/v2\/pages\/28135","targetHints":{"allow":["GET"]}}],"collection":[{"href":"https:\/\/inoener.pt\/pt\/wp-json\/wp\/v2\/pages"}],"about":[{"href":"https:\/\/inoener.pt\/pt\/wp-json\/wp\/v2\/types\/page"}],"author":[{"embeddable":true,"href":"https:\/\/inoener.pt\/pt\/wp-json\/wp\/v2\/users\/1"}],"replies":[{"embeddable":true,"href":"https:\/\/inoener.pt\/pt\/wp-json\/wp\/v2\/comments?post=28135"}],"version-history":[{"count":7,"href":"https:\/\/inoener.pt\/pt\/wp-json\/wp\/v2\/pages\/28135\/revisions"}],"predecessor-version":[{"id":28142,"href":"https:\/\/inoener.pt\/pt\/wp-json\/wp\/v2\/pages\/28135\/revisions\/28142"}],"wp:attachment":[{"href":"https:\/\/inoener.pt\/pt\/wp-json\/wp\/v2\/media?parent=28135"}],"curies":[{"name":"wp","href":"https:\/\/api.w.org\/{rel}","templated":true}]}}