{"id":19949,"date":"2022-11-18T11:38:17","date_gmt":"2022-11-18T11:38:17","guid":{"rendered":"https:\/\/inoener.pt\/?page_id=19949"},"modified":"2024-12-09T10:51:38","modified_gmt":"2024-12-09T10:51:38","slug":"planos","status":"publish","type":"page","link":"https:\/\/inoener.pt\/pt\/planos\/","title":{"rendered":"<i>Planos Inoener<\/i>"},"content":{"rendered":"<div data-elementor-type=\"wp-page\" data-elementor-id=\"19949\" class=\"elementor elementor-19949\">\n\t\t\t\t\t\t<section class=\"elementor-section elementor-top-section elementor-element elementor-element-2236d8b elementor-section-boxed elementor-section-height-default elementor-section-height-default jltma-glass-effect-no sc_fly_static\" data-id=\"2236d8b\" data-element_type=\"section\" data-e-type=\"section\" data-settings=\"{&quot;background_background&quot;:&quot;classic&quot;}\">\n\t\t\t\t\t\t<div class=\"elementor-container elementor-column-gap-extended\">\n\t\t\t\t\t<div class=\"elementor-column elementor-col-100 elementor-top-column elementor-element elementor-element-daff021 sc_content_align_inherit sc_layouts_column_icons_position_left jltma-glass-effect-no sc_fly_static\" data-id=\"daff021\" data-element_type=\"column\" data-e-type=\"column\">\n\t\t\t<div class=\"elementor-widget-wrap elementor-element-populated\">\n\t\t\t\t\t\t<div class=\"elementor-element elementor-element-1baa7b1 sc_layouts_hide_on_tablet sc_layouts_hide_on_mobile jltma-glass-effect-no sc_fly_static elementor-widget elementor-widget-spacer\" data-id=\"1baa7b1\" data-element_type=\"widget\" data-e-type=\"widget\" data-widget_type=\"spacer.default\">\n\t\t\t\t<div class=\"elementor-widget-container\">\n\t\t\t\t\t\t\t<div class=\"elementor-spacer\">\n\t\t\t<div class=\"elementor-spacer-inner\"><\/div>\n\t\t<\/div>\n\t\t\t\t\t\t<\/div>\n\t\t\t\t<\/div>\n\t\t\t\t<div class=\"elementor-element elementor-element-1054703 sc_height_small jltma-glass-effect-no sc_fly_static elementor-widget elementor-widget-spacer\" data-id=\"1054703\" data-element_type=\"widget\" data-e-type=\"widget\" data-widget_type=\"spacer.default\">\n\t\t\t\t<div class=\"elementor-widget-container\">\n\t\t\t\t\t\t\t<div class=\"elementor-spacer\">\n\t\t\t<div class=\"elementor-spacer-inner\"><\/div>\n\t\t<\/div>\n\t\t\t\t\t\t<\/div>\n\t\t\t\t<\/div>\n\t\t\t\t<div class=\"elementor-element elementor-element-1860105 sc_layouts_hide_on_tablet sc_layouts_hide_on_mobile jltma-glass-effect-no sc_fly_static elementor-widget elementor-widget-spacer\" data-id=\"1860105\" data-element_type=\"widget\" data-e-type=\"widget\" data-widget_type=\"spacer.default\">\n\t\t\t\t<div class=\"elementor-widget-container\">\n\t\t\t\t\t\t\t<div class=\"elementor-spacer\">\n\t\t\t<div class=\"elementor-spacer-inner\"><\/div>\n\t\t<\/div>\n\t\t\t\t\t\t<\/div>\n\t\t\t\t<\/div>\n\t\t\t\t<section class=\"elementor-section elementor-inner-section elementor-element elementor-element-81b1360 elementor-section-content-top elementor-section-boxed elementor-section-height-default elementor-section-height-default jltma-glass-effect-no sc_fly_static\" data-id=\"81b1360\" data-element_type=\"section\" data-e-type=\"section\">\n\t\t\t\t\t\t<div class=\"elementor-container elementor-column-gap-no\">\n\t\t\t\t\t<div class=\"elementor-column elementor-col-33 elementor-inner-column elementor-element elementor-element-81b3cec sc_content_align_inherit sc_layouts_column_icons_position_left jltma-glass-effect-no sc_fly_static\" data-id=\"81b3cec\" data-element_type=\"column\" data-e-type=\"column\">\n\t\t\t<div class=\"elementor-widget-wrap elementor-element-populated\">\n\t\t\t\t\t\t<div class=\"elementor-element elementor-element-0528398 elementor-widget-tablet__width-initial jltma-glass-effect-no sc_fly_static elementor-widget elementor-widget-trx_sc_title\" data-id=\"0528398\" data-element_type=\"widget\" data-e-type=\"widget\" data-widget_type=\"trx_sc_title.default\">\n\t\t\t\t<div class=\"elementor-widget-container\">\n\t\t\t\t\t<div\t\tclass=\"sc_title sc_title_default\" ><span class=\"sc_item_subtitle sc_title_subtitle sc_item_subtitle_above sc_item_title_style_default\">Inoener - Your Solar Company<\/span><h1 class=\"sc_item_title sc_title_title sc_item_title_style_default sc_item_title_tag\"\n\t\t\t><span class=\"sc_item_title_text\">Solu\u00e7\u00f5es de Financiamento<\/span><\/h1><\/div>\t\t\t\t<\/div>\n\t\t\t\t<\/div>\n\t\t\t\t\t<\/div>\n\t\t<\/div>\n\t\t\t\t<div class=\"elementor-column elementor-col-33 elementor-inner-column elementor-element elementor-element-5881541 sc_layouts_column_align_right sc_layouts_column sc-mobile_layouts_column_align_left sc_layouts_column sc_content_align_inherit sc_layouts_column_icons_position_left jltma-glass-effect-no sc_fly_static\" data-id=\"5881541\" data-element_type=\"column\" data-e-type=\"column\">\n\t\t\t<div class=\"elementor-widget-wrap\">\n\t\t\t\t\t\t\t<\/div>\n\t\t<\/div>\n\t\t\t\t<div class=\"elementor-column elementor-col-33 elementor-inner-column elementor-element elementor-element-08b9c35 sc_content_align_inherit sc_layouts_column_icons_position_left jltma-glass-effect-no sc_fly_static\" data-id=\"08b9c35\" data-element_type=\"column\" data-e-type=\"column\">\n\t\t\t<div class=\"elementor-widget-wrap elementor-element-populated\">\n\t\t\t\t\t\t<div class=\"elementor-element elementor-element-1602806 elementor-widget__width-initial jltma-glass-effect-no sc_fly_static elementor-widget elementor-widget-spacer\" data-id=\"1602806\" data-element_type=\"widget\" data-e-type=\"widget\" data-widget_type=\"spacer.default\">\n\t\t\t\t<div class=\"elementor-widget-container\">\n\t\t\t\t\t\t\t<div class=\"elementor-spacer\">\n\t\t\t<div class=\"elementor-spacer-inner\"><\/div>\n\t\t<\/div>\n\t\t\t\t\t\t<\/div>\n\t\t\t\t<\/div>\n\t\t\t\t<div class=\"elementor-element elementor-element-b3d03ea elementor-widget-tablet__width-initial elementor-widget__width-initial jltma-glass-effect-no sc_fly_static elementor-widget elementor-widget-trx_sc_button\" data-id=\"b3d03ea\" data-element_type=\"widget\" data-e-type=\"widget\" data-widget_type=\"trx_sc_button.default\">\n\t\t\t\t<div class=\"elementor-widget-container\">\n\t\t\t\t\t<div\tclass=\"sc_item_button sc_button_wrap\" ><a href=\"https:\/\/inoener.pt\/pt\/servicos_inoener\/\" class=\"sc_button sc_button_decoration sc_button_size_normal sc_button_icon_left color_style_dark\" target=\"_blank\" ><span class=\"sc_button_text\"><span class=\"sc_button_title\">Servi\u00e7os<\/span><\/span><\/a><\/div>\t\t\t\t<\/div>\n\t\t\t\t<\/div>\n\t\t\t\t\t<\/div>\n\t\t<\/div>\n\t\t\t\t\t<\/div>\n\t\t<\/section>\n\t\t\t\t<div class=\"elementor-element elementor-element-1f13f358 sc_height_medium jltma-glass-effect-no sc_fly_static elementor-widget elementor-widget-spacer\" data-id=\"1f13f358\" data-element_type=\"widget\" data-e-type=\"widget\" data-widget_type=\"spacer.default\">\n\t\t\t\t<div class=\"elementor-widget-container\">\n\t\t\t\t\t\t\t<div class=\"elementor-spacer\">\n\t\t\t<div class=\"elementor-spacer-inner\"><\/div>\n\t\t<\/div>\n\t\t\t\t\t\t<\/div>\n\t\t\t\t<\/div>\n\t\t\t\t<div class=\"elementor-element elementor-element-fee6704 jltma-glass-effect-no sc_fly_static elementor-widget elementor-widget-text-editor\" data-id=\"fee6704\" data-element_type=\"widget\" data-e-type=\"widget\" data-widget_type=\"text-editor.default\">\n\t\t\t\t<div class=\"elementor-widget-container\">\n\t\t\t\t\t\t\t\t\t<p>A transi\u00e7\u00e3o para solu\u00e7\u00f5es energ\u00e9ticas sustent\u00e1veis, como os sistemas fotovoltaicos, representa um investimento estrat\u00e9gico para empresas e particulares. <br \/>No entanto, muitas vezes, a viabilidade desse investimento depende de encontrar o plano de financiamento adequado. Para facilitar a adop\u00e7\u00e3o de energia solar, existem v\u00e1rias op\u00e7\u00f5es dispon\u00edveis no mercado, desde <strong>modelos de financiamento tradicionais<\/strong> at\u00e9 <strong>solu\u00e7\u00f5es inovadoras e flex\u00edveis<\/strong>, que permitem adaptar-se \u00e0s necessidades e capacidades financeiras de cada cliente.<\/p>\t\t\t\t\t\t\t\t<\/div>\n\t\t\t\t<\/div>\n\t\t\t\t<div class=\"elementor-element elementor-element-381c6af sc_height_medium jltma-glass-effect-no sc_fly_static elementor-widget elementor-widget-spacer\" data-id=\"381c6af\" data-element_type=\"widget\" data-e-type=\"widget\" data-widget_type=\"spacer.default\">\n\t\t\t\t<div class=\"elementor-widget-container\">\n\t\t\t\t\t\t\t<div class=\"elementor-spacer\">\n\t\t\t<div class=\"elementor-spacer-inner\"><\/div>\n\t\t<\/div>\n\t\t\t\t\t\t<\/div>\n\t\t\t\t<\/div>\n\t\t\t\t<div class=\"elementor-element elementor-element-47db9560 jltma-glass-effect-no sc_fly_static elementor-widget elementor-widget-trx_sc_price\" data-id=\"47db9560\" data-element_type=\"widget\" data-e-type=\"widget\" data-widget_type=\"trx_sc_price.default\">\n\t\t\t\t<div class=\"elementor-widget-container\">\n\t\t\t\t\t<div  \n\tclass=\"sc_price sc_price_simple_shadow\"><div class=\"sc_price_columns_wrap sc_item_columns trx_addons_columns_wrap columns_padding_bottom columns_in_single_row\"><div class=\"trx_addons_column-1_2\"><div class=\"sc_price_item sc_price_item_simple_shadow\">\n\t\t\t<div class=\"sc_price_item_inner\"><div class=\"sc_price_item_info_top\"><h3 class=\"sc_price_item_title\"><span>Power Purchase Agreement<\/span><\/h3><\/div><div class=\"sc_price_item_info\"><div class=\"sc_price_item_description\"><span>Acordo de Compra de Energia<\/span><\/div><div class=\"sc_price_item_price\"><span class=\"sc_price_item_price_value\">PPA<\/span><\/div><div class=\"sc_price_item_details\"><p>\u00c9 um contrato de longo prazo entre um fornecedor de energia e o cliente. A Inoener instala o seu sistema de energia solar e o cliente compromete-se a comprar a energia gerada a um pre\u00e7o fixo ou vari\u00e1vel, durante o per\u00edodo do contrato.<\/p><p>\u00a0<\/p><ul><li>Sem investimento inicial<\/li><li>Pagamento baseado no consumo<\/li><li>Redu\u00e7\u00e3o de risco operacional<\/li><li>Contratos de longo prazo e previsibilidade<\/li><\/ul><\/div><a href=\"https:\/\/inoener.pt\/pt\/contactos\/\" class=\"sc_price_item_link sc_button_bordered sc_button\">Consulte-nos<\/a><\/div><!-- \/.sc_price_item_info --><\/div><!-- \/.sc_price_item_inner --><\/div><\/div><div class=\"trx_addons_column-1_2\"><div class=\"sc_price_item sc_price_active sc_price_item_simple_shadow\">\n\t\t\t<div class=\"sc_price_item_inner\"><div class=\"sc_price_item_info_top\"><h3 class=\"sc_price_item_title\"><span>Capitais Pr\u00f3prios<\/span><\/h3><\/div><div class=\"sc_price_item_info\"><div class=\"sc_price_item_description\"><span>Recursos financeiros da pr\u00f3pria empresa<\/span><\/div><div class=\"sc_price_item_price\"><span class=\"sc_price_item_price_value\">Total Autonomia<\/span><\/div><div class=\"sc_price_item_details\"><p>Esta op\u00e7\u00e3o oferece-lhe total autonomia, em que se torna propriet\u00e1rio do sistema desde o in\u00edcio, sem pagamentos adicionais a terceiros. Esta \u00e9 a op\u00e7\u00e3o que lhe garante um retorno do seu investimento mais r\u00e1pido.<\/p><p>\u00a0<\/p><p>\u00a0<\/p><ul><li><strong>Vantagens<\/strong>: Total autonomia e controlo.<\/li><li><strong>Ideal para<\/strong>: Empresas com capacidade de investimento que desejam controlo total sobre o sistema e retorno de investimento a curto prazo.<\/li><\/ul><\/div><a href=\"https:\/\/inoener.pt\/pt\/contactos\/\" class=\"sc_price_item_link sc_button_bordered sc_button\">Consulte-nos<\/a><\/div><!-- \/.sc_price_item_info --><\/div><!-- \/.sc_price_item_inner --><\/div><\/div><\/div><\/div><!-- \/.sc_price -->\t\t\t\t<\/div>\n\t\t\t\t<\/div>\n\t\t\t\t<div class=\"elementor-element elementor-element-3f03bb7 sc_height_medium jltma-glass-effect-no sc_fly_static elementor-widget elementor-widget-spacer\" data-id=\"3f03bb7\" data-element_type=\"widget\" data-e-type=\"widget\" data-widget_type=\"spacer.default\">\n\t\t\t\t<div class=\"elementor-widget-container\">\n\t\t\t\t\t\t\t<div class=\"elementor-spacer\">\n\t\t\t<div class=\"elementor-spacer-inner\"><\/div>\n\t\t<\/div>\n\t\t\t\t\t\t<\/div>\n\t\t\t\t<\/div>\n\t\t\t\t<div class=\"elementor-element elementor-element-5eb422b jltma-glass-effect-no sc_fly_static elementor-widget elementor-widget-trx_sc_price\" data-id=\"5eb422b\" data-element_type=\"widget\" data-e-type=\"widget\" data-widget_type=\"trx_sc_price.default\">\n\t\t\t\t<div class=\"elementor-widget-container\">\n\t\t\t\t\t<div  \n\tclass=\"sc_price sc_price_simple_shadow\"><div class=\"sc_price_columns_wrap sc_item_columns trx_addons_columns_wrap columns_padding_bottom columns_in_single_row\"><div class=\"trx_addons_column-1_2\"><div class=\"sc_price_item sc_price_item_simple_shadow\">\n\t\t\t<div class=\"sc_price_item_inner\"><div class=\"sc_price_item_info_top\"><h3 class=\"sc_price_item_title\"><span>Renting - Aluguer<\/span><\/h3><\/div><div class=\"sc_price_item_info\"><div class=\"sc_price_item_description\"><span>Cliente aluga o sistema de energia<\/span><\/div><div class=\"sc_price_item_price\"><span class=\"sc_price_item_price_value\">Renting<\/span><\/div><div class=\"sc_price_item_details\"><p>O <strong>renting<\/strong> \u00e9 uma modalidade de financiamento na qual o cliente aluga o sistema de energia por meio de uma empresa financeira. Este modelo permite o acesso total aos equipamentos, sem a necessidade de um investimento inicial. O cliente paga uma mensalidade pelo uso do sistema, que inclui a manuten\u00e7\u00e3o, ao longo do per\u00edodo do contrato. No final do contrato, existe a possibilidade de compra do sistema por um valor residual.<\/p><p>\u00a0<\/p><ul><li><strong>Vantagens<\/strong>: Sem investimento inicial; inclui manuten\u00e7\u00e3o; op\u00e7\u00e3o de compra ao final.<\/li><li><strong>Ideal para<\/strong>: Empresas que preferem pagar mensalidades fixas e querem flexibilidade para avaliar a compra do sistema no futuro.<\/li><\/ul><\/div><a href=\"https:\/\/inoener.pt\/pt\/contactos\/\" class=\"sc_price_item_link sc_button_bordered sc_button\">Consulte-nos<\/a><\/div><!-- \/.sc_price_item_info --><\/div><!-- \/.sc_price_item_inner --><\/div><\/div><div class=\"trx_addons_column-1_2\"><div class=\"sc_price_item sc_price_active sc_price_item_simple_shadow\">\n\t\t\t<div class=\"sc_price_item_inner\"><div class=\"sc_price_item_info_top\"><h3 class=\"sc_price_item_title\"><span>Programas de Financiamento <\/span><\/h3><h6 class=\"sc_price_item_subtitle\"><span>Governamentais ou Regionais<\/span><\/h6><\/div><div class=\"sc_price_item_info\"><div class=\"sc_price_item_price\"><span class=\"sc_price_item_price_value\">Fundos Comunit\u00e1rios<\/span><\/div><div class=\"sc_price_item_details\"><p>Destinados a apoiar projetos de efici\u00eancia energ\u00e9tica e sustentabilidade. Atrav\u00e9s dos nossos parceiros, os nossos clientes podem candidatar-se a esses fundos e, em caso de aprova\u00e7\u00e3o, recebem subs\u00eddios ou financiamento.<\/p><p>Essa op\u00e7\u00e3o \u00e9 interessante para empresas que desejam reduzir os custos de instala\u00e7\u00e3o, com apoio p\u00fablico e que n\u00e3o tenham urg\u00eancia na redu\u00e7\u00e3o de custos energ\u00e9ticos.<\/p><p>\u00a0<\/p><ul><li><strong>Vantagens<\/strong>: Subs\u00eddios e condi\u00e7\u00f5es especiais de financiamento; apoio para sustentabilidade.<\/li><li><strong>Ideal para<\/strong>: Empresas que cumprem com os crit\u00e9rios de financiamento p\u00fablico e que desejam reduzir os custos totais do investimento.<\/li><\/ul><\/div><a href=\"https:\/\/inoener.pt\/pt\/contactos\/\" class=\"sc_price_item_link sc_button_bordered sc_button\">Consulte-nos<\/a><\/div><!-- \/.sc_price_item_info --><\/div><!-- \/.sc_price_item_inner --><\/div><\/div><\/div><\/div><!-- \/.sc_price -->\t\t\t\t<\/div>\n\t\t\t\t<\/div>\n\t\t\t\t<div class=\"elementor-element elementor-element-4771384 sc_layouts_hide_on_tablet sc_layouts_hide_on_mobile jltma-glass-effect-no sc_fly_static elementor-widget elementor-widget-spacer\" data-id=\"4771384\" data-element_type=\"widget\" data-e-type=\"widget\" data-widget_type=\"spacer.default\">\n\t\t\t\t<div class=\"elementor-widget-container\">\n\t\t\t\t\t\t\t<div class=\"elementor-spacer\">\n\t\t\t<div class=\"elementor-spacer-inner\"><\/div>\n\t\t<\/div>\n\t\t\t\t\t\t<\/div>\n\t\t\t\t<\/div>\n\t\t\t\t<div class=\"elementor-element elementor-element-51f39c4b sc_height_huge jltma-glass-effect-no sc_fly_static elementor-widget elementor-widget-spacer\" data-id=\"51f39c4b\" data-element_type=\"widget\" data-e-type=\"widget\" data-widget_type=\"spacer.default\">\n\t\t\t\t<div class=\"elementor-widget-container\">\n\t\t\t\t\t\t\t<div class=\"elementor-spacer\">\n\t\t\t<div class=\"elementor-spacer-inner\"><\/div>\n\t\t<\/div>\n\t\t\t\t\t\t<\/div>\n\t\t\t\t<\/div>\n\t\t\t\t\t<\/div>\n\t\t<\/div>\n\t\t\t\t\t<\/div>\n\t\t<\/section>\n\t\t\t\t<section class=\"elementor-section elementor-top-section elementor-element elementor-element-bde51a6 elementor-section-boxed elementor-section-height-default elementor-section-height-default jltma-glass-effect-no sc_fly_static\" data-id=\"bde51a6\" data-element_type=\"section\" data-e-type=\"section\">\n\t\t\t\t\t\t<div class=\"elementor-container elementor-column-gap-extended\">\n\t\t\t\t\t<div class=\"elementor-column elementor-col-100 elementor-top-column elementor-element elementor-element-00a9d72 sc_content_align_inherit sc_layouts_column_icons_position_left jltma-glass-effect-no sc_fly_static\" data-id=\"00a9d72\" data-element_type=\"column\" data-e-type=\"column\">\n\t\t\t<div class=\"elementor-widget-wrap\">\n\t\t\t\t\t\t\t<\/div>\n\t\t<\/div>\n\t\t\t\t\t<\/div>\n\t\t<\/section>\n\t\t\t\t<\/div>","protected":false},"excerpt":{"rendered":"<p>Inoener &#8211; Your Solar Company Solu\u00e7\u00f5es de Financiamento Servi\u00e7os A transi\u00e7\u00e3o para solu\u00e7\u00f5es energ\u00e9ticas sustent\u00e1veis, como os sistemas fotovoltaicos, representa um investimento estrat\u00e9gico para empresas e particulares. No entanto, muitas&hellip;<\/p>","protected":false},"author":1,"featured_media":0,"parent":0,"menu_order":0,"comment_status":"closed","ping_status":"closed","template":"","meta":{"content-type":"","footnotes":""},"class_list":["post-19949","page","type-page","status-publish","hentry"],"aioseo_notices":[],"_links":{"self":[{"href":"https:\/\/inoener.pt\/pt\/wp-json\/wp\/v2\/pages\/19949","targetHints":{"allow":["GET"]}}],"collection":[{"href":"https:\/\/inoener.pt\/pt\/wp-json\/wp\/v2\/pages"}],"about":[{"href":"https:\/\/inoener.pt\/pt\/wp-json\/wp\/v2\/types\/page"}],"author":[{"embeddable":true,"href":"https:\/\/inoener.pt\/pt\/wp-json\/wp\/v2\/users\/1"}],"replies":[{"embeddable":true,"href":"https:\/\/inoener.pt\/pt\/wp-json\/wp\/v2\/comments?post=19949"}],"version-history":[{"count":0,"href":"https:\/\/inoener.pt\/pt\/wp-json\/wp\/v2\/pages\/19949\/revisions"}],"wp:attachment":[{"href":"https:\/\/inoener.pt\/pt\/wp-json\/wp\/v2\/media?parent=19949"}],"curies":[{"name":"wp","href":"https:\/\/api.w.org\/{rel}","templated":true}]}}